{"id":455,"date":"2023-09-27T13:54:21","date_gmt":"2023-09-27T12:54:21","guid":{"rendered":"https:\/\/artresidence.org\/?page_id=455"},"modified":"2024-07-22T12:48:11","modified_gmt":"2024-07-22T11:48:11","slug":"ridiculum","status":"publish","type":"page","link":"https:\/\/artresidence.org\/en\/ridiculum","title":{"rendered":"RIDICULUM"},"content":{"rendered":"\t\t<div data-elementor-type=\"wp-page\" data-elementor-id=\"455\" class=\"elementor elementor-455\">\n\t\t\t\t<div class=\"elementor-element elementor-element-99dcd26 e-con-full e-flex wpr-particle-no wpr-jarallax-no wpr-parallax-no wpr-sticky-section-no e-con e-parent\" data-id=\"99dcd26\" data-element_type=\"container\" data-settings=\"{&quot;background_background&quot;:&quot;classic&quot;}\" data-core-v316-plus=\"true\">\n\t\t<div class=\"elementor-element elementor-element-b10985b e-con-full e-flex wpr-particle-no wpr-jarallax-no wpr-parallax-no wpr-sticky-section-no e-con e-child\" data-id=\"b10985b\" data-element_type=\"container\" data-settings=\"{&quot;background_background&quot;:&quot;classic&quot;}\">\n\t\t<div class=\"elementor-element elementor-element-40fd2a9 e-flex e-con-boxed wpr-particle-no wpr-jarallax-no wpr-parallax-no wpr-sticky-section-no e-con e-child\" data-id=\"40fd2a9\" data-element_type=\"container\">\n\t\t\t\t\t<div class=\"e-con-inner\">\n\t\t\t\t<div class=\"elementor-element elementor-element-76becf0 elementor-widget elementor-widget-heading\" data-id=\"76becf0\" data-element_type=\"widget\" data-settings=\"{&quot;_animation_mobile&quot;:&quot;fadeInLeft&quot;}\" data-widget_type=\"heading.default\">\n\t\t\t\t<div class=\"elementor-widget-container\">\n\t\t\t<style>\/*! elementor - v3.20.0 - 06-03-2024 *\/\n.elementor-heading-title{padding:0;margin:0;line-height:1}.elementor-widget-heading .elementor-heading-title[class*=elementor-size-]>a{color:inherit;font-size:inherit;line-height:inherit}.elementor-widget-heading .elementor-heading-title.elementor-size-small{font-size:15px}.elementor-widget-heading .elementor-heading-title.elementor-size-medium{font-size:19px}.elementor-widget-heading .elementor-heading-title.elementor-size-large{font-size:29px}.elementor-widget-heading .elementor-heading-title.elementor-size-xl{font-size:39px}.elementor-widget-heading .elementor-heading-title.elementor-size-xxl{font-size:59px}<\/style><h1 class=\"elementor-heading-title elementor-size-default\">INTERNATIONAL ART RESIDENCY<\/h1>\t\t<\/div>\n\t\t\t\t<\/div>\n\t\t\t\t\t<\/div>\n\t\t\t\t<\/div>\n\t\t\t\t<\/div>\n\t\t\t\t<\/div>\n\t\t<div class=\"elementor-element elementor-element-8735076 e-con-full e-flex wpr-particle-no wpr-jarallax-no wpr-parallax-no wpr-sticky-section-no e-con e-parent\" data-id=\"8735076\" data-element_type=\"container\" data-settings=\"{&quot;background_background&quot;:&quot;classic&quot;}\" data-core-v316-plus=\"true\">\n\t\t<div class=\"elementor-element elementor-element-fce6a42 e-flex e-con-boxed wpr-particle-no wpr-jarallax-no wpr-parallax-no wpr-sticky-section-no e-con e-child\" data-id=\"fce6a42\" data-element_type=\"container\">\n\t\t\t\t\t<div class=\"e-con-inner\">\n\t\t\t\t<div class=\"elementor-element elementor-element-e9fea51 elementor-widget elementor-widget-heading\" data-id=\"e9fea51\" data-element_type=\"widget\" data-widget_type=\"heading.default\">\n\t\t\t\t<div class=\"elementor-widget-container\">\n\t\t\t<h3 class=\"elementor-heading-title elementor-size-medium\">RIDICULUM<\/h3>\t\t<\/div>\n\t\t\t\t<\/div>\n\t\t\t\t\t<\/div>\n\t\t\t\t<\/div>\n\t\t\t\t<\/div>\n\t\t<div class=\"elementor-element elementor-element-4fca74c e-flex e-con-boxed wpr-particle-no wpr-jarallax-no wpr-parallax-no wpr-sticky-section-no e-con e-parent\" data-id=\"4fca74c\" data-element_type=\"container\" data-core-v316-plus=\"true\">\n\t\t\t\t\t<div class=\"e-con-inner\">\n\t\t\t\t<div class=\"elementor-element elementor-element-c8a14b6 wpr-pointer-none wpr-main-menu-align-left wpr-main-menu-align--tabletleft wpr-main-menu-align--mobileleft wpr-sub-icon-caret-down wpr-sub-menu-fx-fade wpr-nav-menu-bp-mobile wpr-mobile-menu-full-width wpr-mobile-menu-item-align-center wpr-mobile-toggle-v1 wpr-sub-divider-yes elementor-widget elementor-widget-wpr-nav-menu\" data-id=\"c8a14b6\" data-element_type=\"widget\" data-settings=\"{&quot;menu_layout&quot;:&quot;horizontal&quot;}\" data-widget_type=\"wpr-nav-menu.default\">\n\t\t\t\t<div class=\"elementor-widget-container\">\n\t\t\t<nav class=\"wpr-nav-menu-container wpr-nav-menu-horizontal\" data-trigger=\"hover\"><ul id=\"menu-1-c8a14b6\" class=\"wpr-nav-menu\"><li class=\"menu-item menu-item-type-post_type menu-item-object-page menu-item-home menu-item-513\"><a href=\"https:\/\/artresidence.org\/en\/\" class=\"wpr-menu-item wpr-pointer-item menu-link\">INTERNATIONAL ART RESIDENCY<\/a><\/li>\n<li class=\"menu-item menu-item-type-post_type menu-item-object-page menu-item-512\"><a href=\"https:\/\/artresidence.org\/en\/ridiculum\" class=\"wpr-menu-item wpr-pointer-item menu-link\">RIDICULUM<\/a><\/li>\n<li class=\"menu-item menu-item-type-post_type menu-item-object-page menu-item-511\"><a href=\"https:\/\/artresidence.org\/en\/residence\" class=\"wpr-menu-item wpr-pointer-item menu-link\">RESIDENCE<\/a><\/li>\n<li class=\"menu-item menu-item-type-post_type menu-item-object-page menu-item-509\"><a href=\"https:\/\/artresidence.org\/en\/leipzig\" class=\"wpr-menu-item wpr-pointer-item menu-link\">LEIPZIG<\/a><\/li>\n<li class=\"menu-item menu-item-type-post_type menu-item-object-page menu-item-745\"><a href=\"https:\/\/artresidence.org\/en\/gallery\" class=\"wpr-menu-item wpr-pointer-item menu-link\">GALLERY<\/a><\/li>\n<li class=\"menu-item menu-item-type-post_type menu-item-object-page menu-item-510\"><a href=\"https:\/\/artresidence.org\/en\/open-call\" class=\"wpr-menu-item wpr-pointer-item menu-link\">OPEN CALL<\/a><\/li>\n<li class=\"menu-item menu-item-type-post_type menu-item-object-page menu-item-507\"><a href=\"https:\/\/artresidence.org\/en\/apply\" class=\"wpr-menu-item wpr-pointer-item menu-link\">APPLY<\/a><\/li>\n<li class=\"menu-item menu-item-type-post_type menu-item-object-page menu-item-508\"><a href=\"https:\/\/artresidence.org\/en\/contact\" class=\"wpr-menu-item wpr-pointer-item menu-link\">CONTACT<\/a><\/li>\n<\/ul><\/nav><nav class=\"wpr-mobile-nav-menu-container\"><div class=\"wpr-mobile-toggle-wrap\"><div class=\"wpr-mobile-toggle\"><span class=\"wpr-mobile-toggle-line\"><\/span><span class=\"wpr-mobile-toggle-line\"><\/span><span class=\"wpr-mobile-toggle-line\"><\/span><\/div><\/div><ul id=\"mobile-menu-2-c8a14b6\" class=\"wpr-mobile-nav-menu\"><li class=\"menu-item menu-item-type-post_type menu-item-object-page menu-item-home menu-item-513\"><a href=\"https:\/\/artresidence.org\/en\/\" class=\"wpr-mobile-menu-item menu-link\">INTERNATIONAL ART RESIDENCY<\/a><\/li>\n<li class=\"menu-item menu-item-type-post_type menu-item-object-page menu-item-512\"><a href=\"https:\/\/artresidence.org\/en\/ridiculum\" class=\"wpr-mobile-menu-item menu-link\">RIDICULUM<\/a><\/li>\n<li class=\"menu-item menu-item-type-post_type menu-item-object-page menu-item-511\"><a href=\"https:\/\/artresidence.org\/en\/residence\" class=\"wpr-mobile-menu-item menu-link\">RESIDENCE<\/a><\/li>\n<li class=\"menu-item menu-item-type-post_type menu-item-object-page menu-item-509\"><a href=\"https:\/\/artresidence.org\/en\/leipzig\" class=\"wpr-mobile-menu-item menu-link\">LEIPZIG<\/a><\/li>\n<li class=\"menu-item menu-item-type-post_type menu-item-object-page menu-item-745\"><a href=\"https:\/\/artresidence.org\/en\/gallery\" class=\"wpr-mobile-menu-item menu-link\">GALLERY<\/a><\/li>\n<li class=\"menu-item menu-item-type-post_type menu-item-object-page menu-item-510\"><a href=\"https:\/\/artresidence.org\/en\/open-call\" class=\"wpr-mobile-menu-item menu-link\">OPEN CALL<\/a><\/li>\n<li class=\"menu-item menu-item-type-post_type menu-item-object-page menu-item-507\"><a href=\"https:\/\/artresidence.org\/en\/apply\" class=\"wpr-mobile-menu-item menu-link\">APPLY<\/a><\/li>\n<li class=\"menu-item menu-item-type-post_type menu-item-object-page menu-item-508\"><a href=\"https:\/\/artresidence.org\/en\/contact\" class=\"wpr-mobile-menu-item menu-link\">CONTACT<\/a><\/li>\n<\/ul><\/nav>\t\t<\/div>\n\t\t\t\t<\/div>\n\t\t\t\t\t<\/div>\n\t\t\t\t<\/div>\n\t\t<div class=\"elementor-element elementor-element-bcff882 e-grid e-con-boxed wpr-particle-no wpr-jarallax-no wpr-parallax-no wpr-sticky-section-no e-con e-parent\" data-id=\"bcff882\" data-element_type=\"container\" data-core-v316-plus=\"true\">\n\t\t\t\t\t<div class=\"e-con-inner\">\n\t\t\t\t<div class=\"elementor-element elementor-element-0221383 elementor-position-top elementor-widget elementor-widget-image-box\" data-id=\"0221383\" data-element_type=\"widget\" data-widget_type=\"image-box.default\">\n\t\t\t\t<div class=\"elementor-widget-container\">\n\t\t\t<style>\/*! elementor - v3.20.0 - 06-03-2024 *\/\n.elementor-widget-image-box .elementor-image-box-content{width:100%}@media (min-width:768px){.elementor-widget-image-box.elementor-position-left .elementor-image-box-wrapper,.elementor-widget-image-box.elementor-position-right .elementor-image-box-wrapper{display:flex}.elementor-widget-image-box.elementor-position-right .elementor-image-box-wrapper{text-align:right;flex-direction:row-reverse}.elementor-widget-image-box.elementor-position-left .elementor-image-box-wrapper{text-align:left;flex-direction:row}.elementor-widget-image-box.elementor-position-top .elementor-image-box-img{margin:auto}.elementor-widget-image-box.elementor-vertical-align-top .elementor-image-box-wrapper{align-items:flex-start}.elementor-widget-image-box.elementor-vertical-align-middle .elementor-image-box-wrapper{align-items:center}.elementor-widget-image-box.elementor-vertical-align-bottom .elementor-image-box-wrapper{align-items:flex-end}}@media (max-width:767px){.elementor-widget-image-box .elementor-image-box-img{margin-left:auto!important;margin-right:auto!important;margin-bottom:15px}}.elementor-widget-image-box .elementor-image-box-img{display:inline-block}.elementor-widget-image-box .elementor-image-box-title a{color:inherit}.elementor-widget-image-box .elementor-image-box-wrapper{text-align:center}.elementor-widget-image-box .elementor-image-box-description{margin:0}<\/style><div class=\"elementor-image-box-wrapper\"><figure class=\"elementor-image-box-img\"><img fetchpriority=\"high\" decoding=\"async\" width=\"1440\" height=\"2560\" src=\"https:\/\/artresidence.org\/wp-content\/uploads\/2024\/02\/PXL_20230829_225015170.MP_-scaled.jpg\" class=\"attachment-full size-full wp-image-949\" alt=\"Ceramic Iron\" srcset=\"https:\/\/artresidence.org\/wp-content\/uploads\/2024\/02\/PXL_20230829_225015170.MP_-scaled.jpg 1440w, https:\/\/artresidence.org\/wp-content\/uploads\/2024\/02\/PXL_20230829_225015170.MP_-169x300.jpg 169w, https:\/\/artresidence.org\/wp-content\/uploads\/2024\/02\/PXL_20230829_225015170.MP_-576x1024.jpg 576w, https:\/\/artresidence.org\/wp-content\/uploads\/2024\/02\/PXL_20230829_225015170.MP_-768x1365.jpg 768w, https:\/\/artresidence.org\/wp-content\/uploads\/2024\/02\/PXL_20230829_225015170.MP_-864x1536.jpg 864w, https:\/\/artresidence.org\/wp-content\/uploads\/2024\/02\/PXL_20230829_225015170.MP_-1152x2048.jpg 1152w, https:\/\/artresidence.org\/wp-content\/uploads\/2024\/02\/PXL_20230829_225015170.MP_-7x12.jpg 7w\" sizes=\"(max-width: 1440px) 100vw, 1440px\" \/><\/figure><div class=\"elementor-image-box-content\"><h3 class=\"elementor-image-box-title\">Kein Platz nehmen <\/h3><p class=\"elementor-image-box-description\">Phillip Mangold<\/p><\/div><\/div>\t\t<\/div>\n\t\t\t\t<\/div>\n\t\t\t\t<div class=\"elementor-element elementor-element-ac7d1e5 elementor-widget elementor-widget-text-editor\" data-id=\"ac7d1e5\" data-element_type=\"widget\" data-widget_type=\"text-editor.default\">\n\t\t\t\t<div class=\"elementor-widget-container\">\n\t\t\t<style>\/*! elementor - v3.20.0 - 06-03-2024 *\/\n.elementor-widget-text-editor.elementor-drop-cap-view-stacked .elementor-drop-cap{background-color:#69727d;color:#fff}.elementor-widget-text-editor.elementor-drop-cap-view-framed .elementor-drop-cap{color:#69727d;border:3px solid;background-color:transparent}.elementor-widget-text-editor:not(.elementor-drop-cap-view-default) .elementor-drop-cap{margin-top:8px}.elementor-widget-text-editor:not(.elementor-drop-cap-view-default) .elementor-drop-cap-letter{width:1em;height:1em}.elementor-widget-text-editor .elementor-drop-cap{float:left;text-align:center;line-height:1;font-size:50px}.elementor-widget-text-editor .elementor-drop-cap-letter{display:inline-block}<\/style>\t\t\t\t<h1><strong>ridiculum<\/strong><\/h1><p><span style=\"font-weight: 400;\"> Neutral form from ridiculous (object, concept, or place).<br \/>Latin: ridiculus from r\u012bde\u014d, definition: laugh, laugh at.<\/span><\/p><p>\u00a0<\/p><p><span style=\"font-weight: 400;\">The Ridiculum Artistic Residence embraces the fundamental notion of &#8220;rideo,&#8221; the act of laughter, as a source of inspiration and reflection. Rooted in existentialist and absurdist philosophy, Ridiculum provides a space where artists can explore and confront the inherent absurdity of human existence. The residence fosters an atmosphere of experimentation and play, challenging norms and conventions. Ridiculum offers a safe space for exploration and discovery. At the heart of this artistic residence lies a commitment to dialogue and critical inquiry, challenging viewers to question their perceptions and find meaning amidst the chaos and uncertainty of life. Thus, the Ridiculum Artistic Residence becomes a beacon of creativity and intellectual curiosity, where artists come together to explore the depths of &#8220;rideo&#8221; and seek new perspectives.<\/span><\/p><p><span style=\"font-weight: 400;\">\u00a0<\/span><\/p>\t\t\t\t\t\t<\/div>\n\t\t\t\t<\/div>\n\t\t\t\t<div class=\"elementor-element elementor-element-9e1f668 elementor-position-top elementor-widget elementor-widget-image-box\" data-id=\"9e1f668\" data-element_type=\"widget\" data-widget_type=\"image-box.default\">\n\t\t\t\t<div class=\"elementor-widget-container\">\n\t\t\t<div class=\"elementor-image-box-wrapper\"><figure class=\"elementor-image-box-img\"><img decoding=\"async\" width=\"2560\" height=\"1440\" src=\"https:\/\/artresidence.org\/wp-content\/uploads\/2024\/02\/PXL_20230901_045226679.MP_-scaled.jpg\" class=\"attachment-full size-full wp-image-950\" alt=\"\" srcset=\"https:\/\/artresidence.org\/wp-content\/uploads\/2024\/02\/PXL_20230901_045226679.MP_-scaled.jpg 2560w, https:\/\/artresidence.org\/wp-content\/uploads\/2024\/02\/PXL_20230901_045226679.MP_-300x169.jpg 300w, https:\/\/artresidence.org\/wp-content\/uploads\/2024\/02\/PXL_20230901_045226679.MP_-1024x576.jpg 1024w, https:\/\/artresidence.org\/wp-content\/uploads\/2024\/02\/PXL_20230901_045226679.MP_-768x432.jpg 768w, https:\/\/artresidence.org\/wp-content\/uploads\/2024\/02\/PXL_20230901_045226679.MP_-1536x864.jpg 1536w, https:\/\/artresidence.org\/wp-content\/uploads\/2024\/02\/PXL_20230901_045226679.MP_-2048x1152.jpg 2048w, https:\/\/artresidence.org\/wp-content\/uploads\/2024\/02\/PXL_20230901_045226679.MP_-18x10.jpg 18w\" sizes=\"(max-width: 2560px) 100vw, 2560px\" \/><\/figure><div class=\"elementor-image-box-content\"><h3 class=\"elementor-image-box-title\">Unfair <\/h3><p class=\"elementor-image-box-description\">Steven McConnell, Phillip Mangold<\/p><\/div><\/div>\t\t<\/div>\n\t\t\t\t<\/div>\n\t\t\t\t\t<\/div>\n\t\t\t\t<\/div>\n\t\t<div class=\"elementor-element elementor-element-f32fa1e e-flex e-con-boxed wpr-particle-no wpr-jarallax-no wpr-parallax-no wpr-sticky-section-no e-con e-parent\" data-id=\"f32fa1e\" data-element_type=\"container\" data-core-v316-plus=\"true\">\n\t\t\t\t\t<div class=\"e-con-inner\">\n\t\t\t\t<div class=\"elementor-element elementor-element-cdd38b6 elementor-widget elementor-widget-heading\" data-id=\"cdd38b6\" data-element_type=\"widget\" data-widget_type=\"heading.default\">\n\t\t\t\t<div class=\"elementor-widget-container\">\n\t\t\t<h6 class=\"elementor-heading-title elementor-size-default\">Impressum:<\/h6>\t\t<\/div>\n\t\t\t\t<\/div>\n\t\t\t\t<div class=\"elementor-element elementor-element-d14fafd elementor-widget__width-initial elementor-widget elementor-widget-text-editor\" data-id=\"d14fafd\" data-element_type=\"widget\" data-widget_type=\"text-editor.default\">\n\t\t\t\t<div class=\"elementor-widget-container\">\n\t\t\t\t\t\t\t<p><strong>Angaben gem\u00e4\u00df \u00a7 5 TMG:<\/strong><\/p><p>Phillip Mangold<\/p><p><strong>Kontakt:<\/strong><\/p><p>seelebinder33@yahoo.com<\/p><p><strong>Haftungsausschluss:<\/strong><\/p><p>Die Inhalte dieser Webseite wurden sorgf\u00e4ltig gepr\u00fcft und erstellt. Dennoch \u00fcbernehme ich keine Gew\u00e4hr f\u00fcr die Aktualit\u00e4t, Vollst\u00e4ndigkeit und Richtigkeit der bereitgestellten Informationen.<\/p>\t\t\t\t\t\t<\/div>\n\t\t\t\t<\/div>\n\t\t\t\t\t<\/div>\n\t\t\t\t<\/div>\n\t\t\t\t<\/div>\n\t\t","protected":false},"excerpt":{"rendered":"<p>INTERNATIONAL ART RESIDENCY RIDICULUM INTERNATIONAL ART RESIDENCY RIDICULUM RESIDENCE LEIPZIG GALLERY OPEN CALL APPLY CONTACT INTERNATIONAL ART RESIDENCY RIDICULUM RESIDENCE LEIPZIG GALLERY OPEN CALL APPLY CONTACT Kein Platz nehmen Phillip Mangold ridiculum Neutral form from ridiculous (object, concept, or place).Latin: ridiculus from r\u012bde\u014d, definition: laugh, laugh at. \u00a0 The Ridiculum Artistic Residence embraces the fundamental [&hellip;]<\/p>\n","protected":false},"author":1,"featured_media":0,"parent":0,"menu_order":0,"comment_status":"closed","ping_status":"closed","template":"","meta":{"site-sidebar-layout":"no-sidebar","site-content-layout":"","ast-site-content-layout":"full-width-container","site-content-style":"default","site-sidebar-style":"default","ast-global-header-display":"","ast-banner-title-visibility":"","ast-main-header-display":"","ast-hfb-above-header-display":"","ast-hfb-below-header-display":"","ast-hfb-mobile-header-display":"","site-post-title":"disabled","ast-breadcrumbs-content":"","ast-featured-img":"disabled","footer-sml-layout":"","theme-transparent-header-meta":"","adv-header-id-meta":"","stick-header-meta":"","header-above-stick-meta":"","header-main-stick-meta":"","header-below-stick-meta":"","astra-migrate-meta-layouts":"","ast-page-background-enabled":"default","ast-page-background-meta":{"desktop":{"background-color":"var(--ast-global-color-4)","background-image":"","background-repeat":"repeat","background-position":"center center","background-size":"auto","background-attachment":"scroll","background-type":"","background-media":"","overlay-type":"","overlay-color":"","overlay-gradient":""},"tablet":{"background-color":"","background-image":"","background-repeat":"repeat","background-position":"center center","background-size":"auto","background-attachment":"scroll","background-type":"","background-media":"","overlay-type":"","overlay-color":"","overlay-gradient":""},"mobile":{"background-color":"","background-image":"","background-repeat":"repeat","background-position":"center center","background-size":"auto","background-attachment":"scroll","background-type":"","background-media":"","overlay-type":"","overlay-color":"","overlay-gradient":""}},"ast-content-background-meta":{"desktop":{"background-color":"var(--ast-global-color-5)","background-image":"","background-repeat":"repeat","background-position":"center center","background-size":"auto","background-attachment":"scroll","background-type":"","background-media":"","overlay-type":"","overlay-color":"","overlay-gradient":""},"tablet":{"background-color":"var(--ast-global-color-5)","background-image":"","background-repeat":"repeat","background-position":"center center","background-size":"auto","background-attachment":"scroll","background-type":"","background-media":"","overlay-type":"","overlay-color":"","overlay-gradient":""},"mobile":{"background-color":"var(--ast-global-color-5)","background-image":"","background-repeat":"repeat","background-position":"center center","background-size":"auto","background-attachment":"scroll","background-type":"","background-media":"","overlay-type":"","overlay-color":"","overlay-gradient":""}},"footnotes":""},"aioseo_notices":[],"_links":{"self":[{"href":"https:\/\/artresidence.org\/en\/wp-json\/wp\/v2\/pages\/455"}],"collection":[{"href":"https:\/\/artresidence.org\/en\/wp-json\/wp\/v2\/pages"}],"about":[{"href":"https:\/\/artresidence.org\/en\/wp-json\/wp\/v2\/types\/page"}],"author":[{"embeddable":true,"href":"https:\/\/artresidence.org\/en\/wp-json\/wp\/v2\/users\/1"}],"replies":[{"embeddable":true,"href":"https:\/\/artresidence.org\/en\/wp-json\/wp\/v2\/comments?post=455"}],"version-history":[{"count":73,"href":"https:\/\/artresidence.org\/en\/wp-json\/wp\/v2\/pages\/455\/revisions"}],"predecessor-version":[{"id":1146,"href":"https:\/\/artresidence.org\/en\/wp-json\/wp\/v2\/pages\/455\/revisions\/1146"}],"wp:attachment":[{"href":"https:\/\/artresidence.org\/en\/wp-json\/wp\/v2\/media?parent=455"}],"curies":[{"name":"wp","href":"https:\/\/api.w.org\/{rel}","templated":true}]}}