{"id":453,"date":"2023-09-27T13:53:36","date_gmt":"2023-09-27T12:53:36","guid":{"rendered":"https:\/\/artresidence.org\/?page_id=453"},"modified":"2024-07-22T12:51:01","modified_gmt":"2024-07-22T11:51:01","slug":"apply","status":"publish","type":"page","link":"https:\/\/artresidence.org\/en\/apply","title":{"rendered":"APPLY"},"content":{"rendered":"\t\t<div data-elementor-type=\"wp-page\" data-elementor-id=\"453\" class=\"elementor elementor-453\">\n\t\t\t\t<div class=\"elementor-element elementor-element-ff024d5 e-con-full e-flex wpr-particle-no wpr-jarallax-no wpr-parallax-no wpr-sticky-section-no e-con e-parent\" data-id=\"ff024d5\" data-element_type=\"container\" data-settings=\"{&quot;background_background&quot;:&quot;classic&quot;}\" data-core-v316-plus=\"true\">\n\t\t<div class=\"elementor-element elementor-element-31803be e-con-full e-flex wpr-particle-no wpr-jarallax-no wpr-parallax-no wpr-sticky-section-no e-con e-child\" data-id=\"31803be\" data-element_type=\"container\" data-settings=\"{&quot;background_background&quot;:&quot;classic&quot;}\">\n\t\t<div class=\"elementor-element elementor-element-3aa36c2 e-flex e-con-boxed wpr-particle-no wpr-jarallax-no wpr-parallax-no wpr-sticky-section-no e-con e-child\" data-id=\"3aa36c2\" data-element_type=\"container\">\n\t\t\t\t\t<div class=\"e-con-inner\">\n\t\t\t\t<div class=\"elementor-element elementor-element-14dc483 elementor-widget elementor-widget-heading\" data-id=\"14dc483\" data-element_type=\"widget\" data-settings=\"{&quot;_animation_mobile&quot;:&quot;fadeInLeft&quot;}\" data-widget_type=\"heading.default\">\n\t\t\t\t<div class=\"elementor-widget-container\">\n\t\t\t<style>\/*! elementor - v3.20.0 - 06-03-2024 *\/\n.elementor-heading-title{padding:0;margin:0;line-height:1}.elementor-widget-heading .elementor-heading-title[class*=elementor-size-]>a{color:inherit;font-size:inherit;line-height:inherit}.elementor-widget-heading .elementor-heading-title.elementor-size-small{font-size:15px}.elementor-widget-heading .elementor-heading-title.elementor-size-medium{font-size:19px}.elementor-widget-heading .elementor-heading-title.elementor-size-large{font-size:29px}.elementor-widget-heading .elementor-heading-title.elementor-size-xl{font-size:39px}.elementor-widget-heading .elementor-heading-title.elementor-size-xxl{font-size:59px}<\/style><h1 class=\"elementor-heading-title elementor-size-default\">INTERNATIONAL ART RESIDENCY<\/h1>\t\t<\/div>\n\t\t\t\t<\/div>\n\t\t\t\t\t<\/div>\n\t\t\t\t<\/div>\n\t\t\t\t<\/div>\n\t\t\t\t<\/div>\n\t\t<div class=\"elementor-element elementor-element-42ba3f3 e-con-full e-flex wpr-particle-no wpr-jarallax-no wpr-parallax-no wpr-sticky-section-no e-con e-parent\" data-id=\"42ba3f3\" data-element_type=\"container\" data-settings=\"{&quot;background_background&quot;:&quot;classic&quot;}\" data-core-v316-plus=\"true\">\n\t\t<div class=\"elementor-element elementor-element-0251a7f e-flex e-con-boxed wpr-particle-no wpr-jarallax-no wpr-parallax-no wpr-sticky-section-no e-con e-child\" data-id=\"0251a7f\" data-element_type=\"container\">\n\t\t\t\t\t<div class=\"e-con-inner\">\n\t\t\t\t<div class=\"elementor-element elementor-element-486093d elementor-widget elementor-widget-heading\" data-id=\"486093d\" data-element_type=\"widget\" data-widget_type=\"heading.default\">\n\t\t\t\t<div class=\"elementor-widget-container\">\n\t\t\t<h3 class=\"elementor-heading-title elementor-size-medium\">APPLY<\/h3>\t\t<\/div>\n\t\t\t\t<\/div>\n\t\t\t\t\t<\/div>\n\t\t\t\t<\/div>\n\t\t\t\t<\/div>\n\t\t<div class=\"elementor-element elementor-element-bf7d373 e-flex e-con-boxed wpr-particle-no wpr-jarallax-no wpr-parallax-no wpr-sticky-section-no e-con e-parent\" data-id=\"bf7d373\" data-element_type=\"container\" data-core-v316-plus=\"true\">\n\t\t\t\t\t<div class=\"e-con-inner\">\n\t\t\t\t<div class=\"elementor-element elementor-element-e10dd67 wpr-pointer-none wpr-main-menu-align-left wpr-main-menu-align--tabletleft wpr-main-menu-align--mobileleft wpr-sub-icon-caret-down wpr-sub-menu-fx-fade wpr-nav-menu-bp-mobile wpr-mobile-menu-full-width wpr-mobile-menu-item-align-center wpr-mobile-toggle-v1 wpr-sub-divider-yes elementor-widget elementor-widget-wpr-nav-menu\" data-id=\"e10dd67\" data-element_type=\"widget\" data-settings=\"{&quot;menu_layout&quot;:&quot;horizontal&quot;}\" data-widget_type=\"wpr-nav-menu.default\">\n\t\t\t\t<div class=\"elementor-widget-container\">\n\t\t\t<nav class=\"wpr-nav-menu-container wpr-nav-menu-horizontal\" data-trigger=\"hover\"><ul id=\"menu-1-e10dd67\" class=\"wpr-nav-menu\"><li class=\"menu-item menu-item-type-post_type menu-item-object-page menu-item-home menu-item-513\"><a href=\"https:\/\/artresidence.org\/en\/\" class=\"wpr-menu-item wpr-pointer-item menu-link\">INTERNATIONAL ART RESIDENCY<\/a><\/li>\n<li class=\"menu-item menu-item-type-post_type menu-item-object-page menu-item-512\"><a href=\"https:\/\/artresidence.org\/en\/ridiculum\" class=\"wpr-menu-item wpr-pointer-item menu-link\">RIDICULUM<\/a><\/li>\n<li class=\"menu-item menu-item-type-post_type menu-item-object-page menu-item-511\"><a href=\"https:\/\/artresidence.org\/en\/residence\" class=\"wpr-menu-item wpr-pointer-item menu-link\">RESIDENCE<\/a><\/li>\n<li class=\"menu-item menu-item-type-post_type menu-item-object-page menu-item-509\"><a href=\"https:\/\/artresidence.org\/en\/leipzig\" class=\"wpr-menu-item wpr-pointer-item menu-link\">LEIPZIG<\/a><\/li>\n<li class=\"menu-item menu-item-type-post_type menu-item-object-page menu-item-745\"><a href=\"https:\/\/artresidence.org\/en\/gallery\" class=\"wpr-menu-item wpr-pointer-item menu-link\">GALLERY<\/a><\/li>\n<li class=\"menu-item menu-item-type-post_type menu-item-object-page menu-item-510\"><a href=\"https:\/\/artresidence.org\/en\/open-call\" class=\"wpr-menu-item wpr-pointer-item menu-link\">OPEN CALL<\/a><\/li>\n<li class=\"menu-item menu-item-type-post_type menu-item-object-page menu-item-507\"><a href=\"https:\/\/artresidence.org\/en\/apply\" class=\"wpr-menu-item wpr-pointer-item menu-link\">APPLY<\/a><\/li>\n<li class=\"menu-item menu-item-type-post_type menu-item-object-page menu-item-508\"><a href=\"https:\/\/artresidence.org\/en\/contact\" class=\"wpr-menu-item wpr-pointer-item menu-link\">CONTACT<\/a><\/li>\n<\/ul><\/nav><nav class=\"wpr-mobile-nav-menu-container\"><div class=\"wpr-mobile-toggle-wrap\"><div class=\"wpr-mobile-toggle\"><span class=\"wpr-mobile-toggle-line\"><\/span><span class=\"wpr-mobile-toggle-line\"><\/span><span class=\"wpr-mobile-toggle-line\"><\/span><\/div><\/div><ul id=\"mobile-menu-2-e10dd67\" class=\"wpr-mobile-nav-menu\"><li class=\"menu-item menu-item-type-post_type menu-item-object-page menu-item-home menu-item-513\"><a href=\"https:\/\/artresidence.org\/en\/\" class=\"wpr-mobile-menu-item menu-link\">INTERNATIONAL ART RESIDENCY<\/a><\/li>\n<li class=\"menu-item menu-item-type-post_type menu-item-object-page menu-item-512\"><a href=\"https:\/\/artresidence.org\/en\/ridiculum\" class=\"wpr-mobile-menu-item menu-link\">RIDICULUM<\/a><\/li>\n<li class=\"menu-item menu-item-type-post_type menu-item-object-page menu-item-511\"><a href=\"https:\/\/artresidence.org\/en\/residence\" class=\"wpr-mobile-menu-item menu-link\">RESIDENCE<\/a><\/li>\n<li class=\"menu-item menu-item-type-post_type menu-item-object-page menu-item-509\"><a href=\"https:\/\/artresidence.org\/en\/leipzig\" class=\"wpr-mobile-menu-item menu-link\">LEIPZIG<\/a><\/li>\n<li class=\"menu-item menu-item-type-post_type menu-item-object-page menu-item-745\"><a href=\"https:\/\/artresidence.org\/en\/gallery\" class=\"wpr-mobile-menu-item menu-link\">GALLERY<\/a><\/li>\n<li class=\"menu-item menu-item-type-post_type menu-item-object-page menu-item-510\"><a href=\"https:\/\/artresidence.org\/en\/open-call\" class=\"wpr-mobile-menu-item menu-link\">OPEN CALL<\/a><\/li>\n<li class=\"menu-item menu-item-type-post_type menu-item-object-page menu-item-507\"><a href=\"https:\/\/artresidence.org\/en\/apply\" class=\"wpr-mobile-menu-item menu-link\">APPLY<\/a><\/li>\n<li class=\"menu-item menu-item-type-post_type menu-item-object-page menu-item-508\"><a href=\"https:\/\/artresidence.org\/en\/contact\" class=\"wpr-mobile-menu-item menu-link\">CONTACT<\/a><\/li>\n<\/ul><\/nav>\t\t<\/div>\n\t\t\t\t<\/div>\n\t\t\t\t\t<\/div>\n\t\t\t\t<\/div>\n\t\t<div class=\"elementor-element elementor-element-67e131c e-flex e-con-boxed wpr-particle-no wpr-jarallax-no wpr-parallax-no wpr-sticky-section-no e-con e-parent\" data-id=\"67e131c\" data-element_type=\"container\" data-core-v316-plus=\"true\">\n\t\t\t\t\t<div class=\"e-con-inner\">\n\t\t\t\t<div class=\"elementor-element elementor-element-9e2041f elementor-widget elementor-widget-heading\" data-id=\"9e2041f\" data-element_type=\"widget\" data-widget_type=\"heading.default\">\n\t\t\t\t<div class=\"elementor-widget-container\">\n\t\t\t<h2 class=\"elementor-heading-title elementor-size-default\">APPLICATION <\/h2>\t\t<\/div>\n\t\t\t\t<\/div>\n\t\t\t\t<div class=\"elementor-element elementor-element-825e5c7 elementor-widget elementor-widget-text-editor\" data-id=\"825e5c7\" data-element_type=\"widget\" data-widget_type=\"text-editor.default\">\n\t\t\t\t<div class=\"elementor-widget-container\">\n\t\t\t<style>\/*! elementor - v3.20.0 - 06-03-2024 *\/\n.elementor-widget-text-editor.elementor-drop-cap-view-stacked .elementor-drop-cap{background-color:#69727d;color:#fff}.elementor-widget-text-editor.elementor-drop-cap-view-framed .elementor-drop-cap{color:#69727d;border:3px solid;background-color:transparent}.elementor-widget-text-editor:not(.elementor-drop-cap-view-default) .elementor-drop-cap{margin-top:8px}.elementor-widget-text-editor:not(.elementor-drop-cap-view-default) .elementor-drop-cap-letter{width:1em;height:1em}.elementor-widget-text-editor .elementor-drop-cap{float:left;text-align:center;line-height:1;font-size:50px}.elementor-widget-text-editor .elementor-drop-cap-letter{display:inline-block}<\/style>\t\t\t\t<p><span style=\"font-weight: 400;\">\u00a0<\/span><\/p><p><span style=\"font-weight: 400;\">For a residency in Leipzig please Send your application as followed to <a href=\"mailto:seelenbinder33@yahoo.com\">seelenbinder33@yahoo.com<\/a>.<\/span><\/p><p><span style=\"font-weight: 400;\">There&#8217;s no specific format or application form, so feel free to write in an informal and friendly email. Be sincere and personal to get to know you better. Please make sure to include the following information:<\/span><\/p><p><span style=\"font-weight: 400;\"><strong>Contact Information:<\/strong> Full name, address, phone number (WhatsApp or Telegram contact), and email address (country and languages spoken).<\/span><\/p><p><span style=\"font-weight: 400;\"><strong>Portfolio:<\/strong> A selection of your recent and relevant work showcasing your artistic style, technique, and range. Include images or videos of your artwork.<\/span><\/p><p><span style=\"font-weight: 400;\"><strong>Artist Statement:<\/strong> A written statement explaining your artistic practice, motivations, the themes you explore, and the direction of your work. Also, elaborate on why you&#8217;re interested in the residency.<\/span><\/p><p><span style=\"font-weight: 400;\"><strong>CV\/Resume:<\/strong> A comprehensive list of your artistic education, exhibitions, awards, residencies, publications, relevant work experience, and other artistic achievements.<\/span><\/p><p><span style=\"font-weight: 400;\"><strong>Project Proposal:<\/strong> If necessary, a proposal describing the project you intend to work on during the residency. Outline the objectives, methods, materials, and the impact you aim to achieve. Please specify if you need a special space, materials, or equipment.<\/span><\/p><p><span style=\"font-weight: 400;\"><strong>Duration and Dates:<\/strong> Specify your preferred residency duration and the dates you are available to participate.<\/span><\/p>\t\t\t\t\t\t<\/div>\n\t\t\t\t<\/div>\n\t\t\t\t\t<\/div>\n\t\t\t\t<\/div>\n\t\t<div class=\"elementor-element elementor-element-ba00997 e-flex e-con-boxed wpr-particle-no wpr-jarallax-no wpr-parallax-no wpr-sticky-section-no e-con e-parent\" data-id=\"ba00997\" data-element_type=\"container\" data-core-v316-plus=\"true\">\n\t\t\t\t\t<div class=\"e-con-inner\">\n\t\t\t\t<div class=\"elementor-element elementor-element-0e5a839 elementor-widget elementor-widget-heading\" data-id=\"0e5a839\" data-element_type=\"widget\" data-widget_type=\"heading.default\">\n\t\t\t\t<div class=\"elementor-widget-container\">\n\t\t\t<h2 class=\"elementor-heading-title elementor-size-default\">FEES and COSTS of the Artistic Residency in Ridiculum<\/h2>\t\t<\/div>\n\t\t\t\t<\/div>\n\t\t\t\t\t<\/div>\n\t\t\t\t<\/div>\n\t\t<div class=\"elementor-element elementor-element-e74a5db e-flex e-con-boxed wpr-particle-no wpr-jarallax-no wpr-parallax-no wpr-sticky-section-no e-con e-parent\" data-id=\"e74a5db\" data-element_type=\"container\" data-core-v316-plus=\"true\">\n\t\t\t\t\t<div class=\"e-con-inner\">\n\t\t\t\t<div class=\"elementor-element elementor-element-cb7e456 elementor-widget elementor-widget-text-editor\" data-id=\"cb7e456\" data-element_type=\"widget\" data-widget_type=\"text-editor.default\">\n\t\t\t\t<div class=\"elementor-widget-container\">\n\t\t\t\t\t\t\t<p><span style=\"font-weight: 400;\">The fees for the residency can vary depending on several factors including duration, facilities needed, and materials. Some applicants can qualify to be fully funded, covering accommodation, workspace, and even meals, while others will be required to pay a fee to participate. Here\u2019s a breakdown of the possible fees:<\/span><\/p><p><span style=\"font-weight: 400;\"><strong>Application Fee:<\/strong> NO APPLICATION FEE<\/span><\/p><p><span style=\"font-weight: 400;\"><strong>Materials:<\/strong> Costs for materials vary based on the artists\u2019 needs during their participation in the residency program and may or may not be covered.<\/span><\/p><p><span style=\"font-weight: 400;\"><strong>Residency Fee:<\/strong> The fees typically include accommodation and workspace. The residency program can be funded, partially funded, or not funded, depending on the circumstances.<\/span><\/p><p><span style=\"font-weight: 400;\"><strong>Unfunded Residency:<\/strong> Artists are required to cover the total cost.<\/span><\/p><p><span style=\"font-weight: 400;\"><strong>Partially Funded Residency:<\/strong> Artists are required to contribute a portion of the total cost, with the residency program covering the rest.<\/span><\/p><p><span style=\"font-weight: 400;\"><strong>Fully Funded Residency:<\/strong> The program covers all expenses, including accommodation and workspace.<\/span><\/p><p><span style=\"font-weight: 400;\">It is crucial to apply and submit the application to provide detailed information about the fees and funding options available.<\/span><\/p><p><span style=\"font-weight: 400;\">International students have the opportunity to apply for scholarships through various organizations. The largest group of scholarship providers is the \u2018Begabtenf\u00f6rderungswerke\u2019 supported by the Federal Ministry of Education and Research. These institutions represent significant societal groups, each often associated with political, religious, or economic backgrounds. Additionally, there are numerous other scholarship providers in Germany, including smaller foundations that often focus on specific subjects or cities. Higher education institutions also play a role in awarding scholarships. The Deutschlandstipendium, offered by many institutions, is particularly notable, with approximately twelve percent of recipients being international students<\/span><\/p><p>https:\/\/www.deutschlandstipendium.de\/deutschlandstipendium\/de\/services\/english\/the-deutschlandstipendium-best-of-both-worlds-for-students<\/p>\t\t\t\t\t\t<\/div>\n\t\t\t\t<\/div>\n\t\t\t\t<div class=\"elementor-element elementor-element-a226a83 elementor-widget elementor-widget-text-editor\" data-id=\"a226a83\" data-element_type=\"widget\" data-widget_type=\"text-editor.default\">\n\t\t\t\t<div class=\"elementor-widget-container\">\n\t\t\t\t\t\t\t<p>Leipzig has established itself as a prime destination for artists seeking inspiration and career growth. The city stands out for its vibrant artistic scene, marked by an abundance of galleries, studios, and artistic residency programs that foster innovation and collaboration among creatives from various disciplines.<\/p><p>Choosing Leipzig for an artistic residency is based on its unique environment, where the low cost of living combines with a rich cultural setting. This context allows artists to fully concentrate on their creative development without the financial limitations present in larger cities.<\/p><p>Galleries in Leipzig play a crucial role in promoting new talents, offering spaces where artists can exhibit their work and engage with the public and art critics. These institutions are essential for maintaining the dynamism of the local art scene, providing platforms for creative expression and artistic dialogue.<\/p><p>Furthermore, artistic residencies in Leipzig offer an unparalleled opportunity for artists to immerse themselves in an active creative community. These programs not only provide workspace and accommodation but also facilitate interaction with other artists and art professionals, which can open new perspectives and collaboration opportunities.<\/p><p>Leipzig has earned a reputation for its welcoming atmosphere towards artists, with a community that values experimentation and cultural exchange. This means integrating into an ecosystem where innovation and experimentation are the norm, allowing artists to expand their horizons and explore new avenues in their work.<\/p>\t\t\t\t\t\t<\/div>\n\t\t\t\t<\/div>\n\t\t\t\t\t<\/div>\n\t\t\t\t<\/div>\n\t\t<div class=\"elementor-element elementor-element-e750d23 e-flex e-con-boxed wpr-particle-no wpr-jarallax-no wpr-parallax-no wpr-sticky-section-no e-con e-parent\" data-id=\"e750d23\" data-element_type=\"container\" data-core-v316-plus=\"true\">\n\t\t\t\t\t<div class=\"e-con-inner\">\n\t\t\t\t<div class=\"elementor-element elementor-element-dfd17bc elementor-widget elementor-widget-heading\" data-id=\"dfd17bc\" data-element_type=\"widget\" data-widget_type=\"heading.default\">\n\t\t\t\t<div class=\"elementor-widget-container\">\n\t\t\t<h2 class=\"elementor-heading-title elementor-size-default\">DURATION of the artistic residency<\/h2>\t\t<\/div>\n\t\t\t\t<\/div>\n\t\t\t\t\t<\/div>\n\t\t\t\t<\/div>\n\t\t<div class=\"elementor-element elementor-element-f0d975d e-flex e-con-boxed wpr-particle-no wpr-jarallax-no wpr-parallax-no wpr-sticky-section-no e-con e-parent\" data-id=\"f0d975d\" data-element_type=\"container\" data-core-v316-plus=\"true\">\n\t\t\t\t\t<div class=\"e-con-inner\">\n\t\t\t\t<div class=\"elementor-element elementor-element-2c681d8 elementor-widget elementor-widget-text-editor\" data-id=\"2c681d8\" data-element_type=\"widget\" data-widget_type=\"text-editor.default\">\n\t\t\t\t<div class=\"elementor-widget-container\">\n\t\t\t\t\t\t\t<p>The complete Artistic Residency offers an intensive three-month period, with the following slots avaible: <strong>January-March, April-June, July-September, and October-December.<\/strong> Applicants are encouraged to select the cycle that best fits their objectives and availability. Although there isn&#8217;t a specific deadline for applications, it&#8217;s worth noting that these proposed dates not only allow for the formation of collaborative cohorts but also align with exhibition opportunities and the possibility of participating in artistic festivals. We recognize and value flexibility, so residency dates can be adjusted based on the individual needs and interests of the artist.<\/p>\t\t\t\t\t\t<\/div>\n\t\t\t\t<\/div>\n\t\t\t\t\t<\/div>\n\t\t\t\t<\/div>\n\t\t<div class=\"elementor-element elementor-element-b54c1cc e-flex e-con-boxed wpr-particle-no wpr-jarallax-no wpr-parallax-no wpr-sticky-section-no e-con e-parent\" data-id=\"b54c1cc\" data-element_type=\"container\" data-core-v316-plus=\"true\">\n\t\t\t\t\t<div class=\"e-con-inner\">\n\t\t\t\t<div class=\"elementor-element elementor-element-ae16b5d elementor-widget elementor-widget-heading\" data-id=\"ae16b5d\" data-element_type=\"widget\" data-widget_type=\"heading.default\">\n\t\t\t\t<div class=\"elementor-widget-container\">\n\t\t\t<h6 class=\"elementor-heading-title elementor-size-default\">Impressum:<\/h6>\t\t<\/div>\n\t\t\t\t<\/div>\n\t\t\t\t<div class=\"elementor-element elementor-element-c9b4b3a elementor-widget__width-initial elementor-widget elementor-widget-text-editor\" data-id=\"c9b4b3a\" data-element_type=\"widget\" data-widget_type=\"text-editor.default\">\n\t\t\t\t<div class=\"elementor-widget-container\">\n\t\t\t\t\t\t\t<p><strong>Angaben gem\u00e4\u00df \u00a7 5 TMG:<\/strong><\/p><p>Phillip Mangold<\/p><p><strong>Kontakt:<\/strong><\/p><p>seelebinder33@yahoo.com<\/p><p><strong>Haftungsausschluss:<\/strong><\/p><p>Die Inhalte dieser Webseite wurden sorgf\u00e4ltig gepr\u00fcft und erstellt. Dennoch \u00fcbernehme ich keine Gew\u00e4hr f\u00fcr die Aktualit\u00e4t, Vollst\u00e4ndigkeit und Richtigkeit der bereitgestellten Informationen.<\/p>\t\t\t\t\t\t<\/div>\n\t\t\t\t<\/div>\n\t\t\t\t\t<\/div>\n\t\t\t\t<\/div>\n\t\t\t\t<\/div>\n\t\t","protected":false},"excerpt":{"rendered":"<p>INTERNATIONAL ART RESIDENCY APPLY INTERNATIONAL ART RESIDENCY RIDICULUM RESIDENCE LEIPZIG GALLERY OPEN CALL APPLY CONTACT INTERNATIONAL ART RESIDENCY RIDICULUM RESIDENCE LEIPZIG GALLERY OPEN CALL APPLY CONTACT APPLICATION \u00a0 For a residency in Leipzig please Send your application as followed to seelenbinder33@yahoo.com. There&#8217;s no specific format or application form, so feel free to write in an [&hellip;]<\/p>\n","protected":false},"author":1,"featured_media":0,"parent":0,"menu_order":0,"comment_status":"closed","ping_status":"closed","template":"","meta":{"site-sidebar-layout":"no-sidebar","site-content-layout":"","ast-site-content-layout":"full-width-container","site-content-style":"default","site-sidebar-style":"default","ast-global-header-display":"","ast-banner-title-visibility":"","ast-main-header-display":"","ast-hfb-above-header-display":"","ast-hfb-below-header-display":"","ast-hfb-mobile-header-display":"","site-post-title":"disabled","ast-breadcrumbs-content":"","ast-featured-img":"disabled","footer-sml-layout":"","theme-transparent-header-meta":"","adv-header-id-meta":"","stick-header-meta":"","header-above-stick-meta":"","header-main-stick-meta":"","header-below-stick-meta":"","astra-migrate-meta-layouts":"","ast-page-background-enabled":"default","ast-page-background-meta":{"desktop":{"background-color":"var(--ast-global-color-4)","background-image":"","background-repeat":"repeat","background-position":"center center","background-size":"auto","background-attachment":"scroll","background-type":"","background-media":"","overlay-type":"","overlay-color":"","overlay-gradient":""},"tablet":{"background-color":"","background-image":"","background-repeat":"repeat","background-position":"center center","background-size":"auto","background-attachment":"scroll","background-type":"","background-media":"","overlay-type":"","overlay-color":"","overlay-gradient":""},"mobile":{"background-color":"","background-image":"","background-repeat":"repeat","background-position":"center center","background-size":"auto","background-attachment":"scroll","background-type":"","background-media":"","overlay-type":"","overlay-color":"","overlay-gradient":""}},"ast-content-background-meta":{"desktop":{"background-color":"var(--ast-global-color-5)","background-image":"","background-repeat":"repeat","background-position":"center center","background-size":"auto","background-attachment":"scroll","background-type":"","background-media":"","overlay-type":"","overlay-color":"","overlay-gradient":""},"tablet":{"background-color":"var(--ast-global-color-5)","background-image":"","background-repeat":"repeat","background-position":"center center","background-size":"auto","background-attachment":"scroll","background-type":"","background-media":"","overlay-type":"","overlay-color":"","overlay-gradient":""},"mobile":{"background-color":"var(--ast-global-color-5)","background-image":"","background-repeat":"repeat","background-position":"center center","background-size":"auto","background-attachment":"scroll","background-type":"","background-media":"","overlay-type":"","overlay-color":"","overlay-gradient":""}},"footnotes":""},"aioseo_notices":[],"_links":{"self":[{"href":"https:\/\/artresidence.org\/en\/wp-json\/wp\/v2\/pages\/453"}],"collection":[{"href":"https:\/\/artresidence.org\/en\/wp-json\/wp\/v2\/pages"}],"about":[{"href":"https:\/\/artresidence.org\/en\/wp-json\/wp\/v2\/types\/page"}],"author":[{"embeddable":true,"href":"https:\/\/artresidence.org\/en\/wp-json\/wp\/v2\/users\/1"}],"replies":[{"embeddable":true,"href":"https:\/\/artresidence.org\/en\/wp-json\/wp\/v2\/comments?post=453"}],"version-history":[{"count":52,"href":"https:\/\/artresidence.org\/en\/wp-json\/wp\/v2\/pages\/453\/revisions"}],"predecessor-version":[{"id":1155,"href":"https:\/\/artresidence.org\/en\/wp-json\/wp\/v2\/pages\/453\/revisions\/1155"}],"wp:attachment":[{"href":"https:\/\/artresidence.org\/en\/wp-json\/wp\/v2\/media?parent=453"}],"curies":[{"name":"wp","href":"https:\/\/api.w.org\/{rel}","templated":true}]}}