{"id":447,"date":"2023-09-27T13:51:56","date_gmt":"2023-09-27T12:51:56","guid":{"rendered":"https:\/\/artresidence.org\/?page_id=447"},"modified":"2024-07-22T12:45:20","modified_gmt":"2024-07-22T11:45:20","slug":"residence","status":"publish","type":"page","link":"https:\/\/artresidence.org\/en\/residence","title":{"rendered":"RESIDENCE"},"content":{"rendered":"\t\t<div data-elementor-type=\"wp-page\" data-elementor-id=\"447\" class=\"elementor elementor-447\">\n\t\t\t\t<div class=\"elementor-element elementor-element-97cb5bf e-con-full e-flex wpr-particle-no wpr-jarallax-no wpr-parallax-no wpr-sticky-section-no e-con e-parent\" data-id=\"97cb5bf\" data-element_type=\"container\" data-settings=\"{&quot;background_background&quot;:&quot;classic&quot;}\" data-core-v316-plus=\"true\">\n\t\t<div class=\"elementor-element elementor-element-4a4cebe e-con-full e-flex wpr-particle-no wpr-jarallax-no wpr-parallax-no wpr-sticky-section-no e-con e-child\" data-id=\"4a4cebe\" data-element_type=\"container\" data-settings=\"{&quot;background_background&quot;:&quot;classic&quot;}\">\n\t\t<div class=\"elementor-element elementor-element-6b45d35 e-flex e-con-boxed wpr-particle-no wpr-jarallax-no wpr-parallax-no wpr-sticky-section-no e-con e-child\" data-id=\"6b45d35\" data-element_type=\"container\" data-settings=\"{&quot;background_background&quot;:&quot;classic&quot;}\">\n\t\t\t\t\t<div class=\"e-con-inner\">\n\t\t\t\t<div class=\"elementor-element elementor-element-055d424 elementor-widget elementor-widget-heading\" data-id=\"055d424\" data-element_type=\"widget\" data-settings=\"{&quot;_animation_mobile&quot;:&quot;fadeInLeft&quot;}\" data-widget_type=\"heading.default\">\n\t\t\t\t<div class=\"elementor-widget-container\">\n\t\t\t<style>\/*! elementor - v3.20.0 - 06-03-2024 *\/\n.elementor-heading-title{padding:0;margin:0;line-height:1}.elementor-widget-heading .elementor-heading-title[class*=elementor-size-]>a{color:inherit;font-size:inherit;line-height:inherit}.elementor-widget-heading .elementor-heading-title.elementor-size-small{font-size:15px}.elementor-widget-heading .elementor-heading-title.elementor-size-medium{font-size:19px}.elementor-widget-heading .elementor-heading-title.elementor-size-large{font-size:29px}.elementor-widget-heading .elementor-heading-title.elementor-size-xl{font-size:39px}.elementor-widget-heading .elementor-heading-title.elementor-size-xxl{font-size:59px}<\/style><h1 class=\"elementor-heading-title elementor-size-default\">INTERNATIONAL ART RESIDENCY<\/h1>\t\t<\/div>\n\t\t\t\t<\/div>\n\t\t\t\t\t<\/div>\n\t\t\t\t<\/div>\n\t\t\t\t<\/div>\n\t\t\t\t<\/div>\n\t\t<div class=\"elementor-element elementor-element-0fd297e e-con-full e-flex wpr-particle-no wpr-jarallax-no wpr-parallax-no wpr-sticky-section-no e-con e-parent\" data-id=\"0fd297e\" data-element_type=\"container\" data-settings=\"{&quot;background_background&quot;:&quot;classic&quot;}\" data-core-v316-plus=\"true\">\n\t\t<div class=\"elementor-element elementor-element-0d9a91d e-flex e-con-boxed wpr-particle-no wpr-jarallax-no wpr-parallax-no wpr-sticky-section-no e-con e-child\" data-id=\"0d9a91d\" data-element_type=\"container\" data-settings=\"{&quot;background_background&quot;:&quot;classic&quot;}\">\n\t\t\t\t\t<div class=\"e-con-inner\">\n\t\t\t\t<div class=\"elementor-element elementor-element-c69e350 elementor-widget elementor-widget-heading\" data-id=\"c69e350\" data-element_type=\"widget\" data-widget_type=\"heading.default\">\n\t\t\t\t<div class=\"elementor-widget-container\">\n\t\t\t<h3 class=\"elementor-heading-title elementor-size-medium\">RESIDENCE<\/h3>\t\t<\/div>\n\t\t\t\t<\/div>\n\t\t\t\t\t<\/div>\n\t\t\t\t<\/div>\n\t\t\t\t<\/div>\n\t\t<div class=\"elementor-element elementor-element-07ab5eb e-flex e-con-boxed wpr-particle-no wpr-jarallax-no wpr-parallax-no wpr-sticky-section-no e-con e-parent\" data-id=\"07ab5eb\" data-element_type=\"container\" data-core-v316-plus=\"true\">\n\t\t\t\t\t<div class=\"e-con-inner\">\n\t\t\t\t<div class=\"elementor-element elementor-element-5f21644 wpr-pointer-none wpr-main-menu-align-left wpr-main-menu-align--tabletleft wpr-main-menu-align--mobileleft wpr-sub-icon-caret-down wpr-sub-menu-fx-fade wpr-nav-menu-bp-mobile wpr-mobile-menu-full-width wpr-mobile-menu-item-align-center wpr-mobile-toggle-v1 wpr-sub-divider-yes elementor-widget elementor-widget-wpr-nav-menu\" data-id=\"5f21644\" data-element_type=\"widget\" data-settings=\"{&quot;menu_layout&quot;:&quot;horizontal&quot;}\" data-widget_type=\"wpr-nav-menu.default\">\n\t\t\t\t<div class=\"elementor-widget-container\">\n\t\t\t<nav class=\"wpr-nav-menu-container wpr-nav-menu-horizontal\" data-trigger=\"hover\"><ul id=\"menu-1-5f21644\" class=\"wpr-nav-menu\"><li class=\"menu-item menu-item-type-post_type menu-item-object-page menu-item-home menu-item-513\"><a href=\"https:\/\/artresidence.org\/en\/\" class=\"wpr-menu-item wpr-pointer-item menu-link\">INTERNATIONAL ART RESIDENCY<\/a><\/li>\n<li class=\"menu-item menu-item-type-post_type menu-item-object-page menu-item-512\"><a href=\"https:\/\/artresidence.org\/en\/ridiculum\" class=\"wpr-menu-item wpr-pointer-item menu-link\">RIDICULUM<\/a><\/li>\n<li class=\"menu-item menu-item-type-post_type menu-item-object-page menu-item-511\"><a href=\"https:\/\/artresidence.org\/en\/residence\" class=\"wpr-menu-item wpr-pointer-item menu-link\">RESIDENCE<\/a><\/li>\n<li class=\"menu-item menu-item-type-post_type menu-item-object-page menu-item-509\"><a href=\"https:\/\/artresidence.org\/en\/leipzig\" class=\"wpr-menu-item wpr-pointer-item menu-link\">LEIPZIG<\/a><\/li>\n<li class=\"menu-item menu-item-type-post_type menu-item-object-page menu-item-745\"><a href=\"https:\/\/artresidence.org\/en\/gallery\" class=\"wpr-menu-item wpr-pointer-item menu-link\">GALLERY<\/a><\/li>\n<li class=\"menu-item menu-item-type-post_type menu-item-object-page menu-item-510\"><a href=\"https:\/\/artresidence.org\/en\/open-call\" class=\"wpr-menu-item wpr-pointer-item menu-link\">OPEN CALL<\/a><\/li>\n<li class=\"menu-item menu-item-type-post_type menu-item-object-page menu-item-507\"><a href=\"https:\/\/artresidence.org\/en\/apply\" class=\"wpr-menu-item wpr-pointer-item menu-link\">APPLY<\/a><\/li>\n<li class=\"menu-item menu-item-type-post_type menu-item-object-page menu-item-508\"><a href=\"https:\/\/artresidence.org\/en\/contact\" class=\"wpr-menu-item wpr-pointer-item menu-link\">CONTACT<\/a><\/li>\n<\/ul><\/nav><nav class=\"wpr-mobile-nav-menu-container\"><div class=\"wpr-mobile-toggle-wrap\"><div class=\"wpr-mobile-toggle\"><span class=\"wpr-mobile-toggle-line\"><\/span><span class=\"wpr-mobile-toggle-line\"><\/span><span class=\"wpr-mobile-toggle-line\"><\/span><\/div><\/div><ul id=\"mobile-menu-2-5f21644\" class=\"wpr-mobile-nav-menu\"><li class=\"menu-item menu-item-type-post_type menu-item-object-page menu-item-home menu-item-513\"><a href=\"https:\/\/artresidence.org\/en\/\" class=\"wpr-mobile-menu-item menu-link\">INTERNATIONAL ART RESIDENCY<\/a><\/li>\n<li class=\"menu-item menu-item-type-post_type menu-item-object-page menu-item-512\"><a href=\"https:\/\/artresidence.org\/en\/ridiculum\" class=\"wpr-mobile-menu-item menu-link\">RIDICULUM<\/a><\/li>\n<li class=\"menu-item menu-item-type-post_type menu-item-object-page menu-item-511\"><a href=\"https:\/\/artresidence.org\/en\/residence\" class=\"wpr-mobile-menu-item menu-link\">RESIDENCE<\/a><\/li>\n<li class=\"menu-item menu-item-type-post_type menu-item-object-page menu-item-509\"><a href=\"https:\/\/artresidence.org\/en\/leipzig\" class=\"wpr-mobile-menu-item menu-link\">LEIPZIG<\/a><\/li>\n<li class=\"menu-item menu-item-type-post_type menu-item-object-page menu-item-745\"><a href=\"https:\/\/artresidence.org\/en\/gallery\" class=\"wpr-mobile-menu-item menu-link\">GALLERY<\/a><\/li>\n<li class=\"menu-item menu-item-type-post_type menu-item-object-page menu-item-510\"><a href=\"https:\/\/artresidence.org\/en\/open-call\" class=\"wpr-mobile-menu-item menu-link\">OPEN CALL<\/a><\/li>\n<li class=\"menu-item menu-item-type-post_type menu-item-object-page menu-item-507\"><a href=\"https:\/\/artresidence.org\/en\/apply\" class=\"wpr-mobile-menu-item menu-link\">APPLY<\/a><\/li>\n<li class=\"menu-item menu-item-type-post_type menu-item-object-page menu-item-508\"><a href=\"https:\/\/artresidence.org\/en\/contact\" class=\"wpr-mobile-menu-item menu-link\">CONTACT<\/a><\/li>\n<\/ul><\/nav>\t\t<\/div>\n\t\t\t\t<\/div>\n\t\t\t\t\t<\/div>\n\t\t\t\t<\/div>\n\t\t<div class=\"elementor-element elementor-element-3e4807c e-flex e-con-boxed wpr-particle-no wpr-jarallax-no wpr-parallax-no wpr-sticky-section-no e-con e-parent\" data-id=\"3e4807c\" data-element_type=\"container\" data-core-v316-plus=\"true\">\n\t\t\t\t\t<div class=\"e-con-inner\">\n\t\t\t\t<div class=\"elementor-element elementor-element-43d6190 elementor-widget elementor-widget-heading\" data-id=\"43d6190\" data-element_type=\"widget\" data-widget_type=\"heading.default\">\n\t\t\t\t<div class=\"elementor-widget-container\">\n\t\t\t<h2 class=\"elementor-heading-title elementor-size-default\">RIDICULUM International Art Residency<\/h2>\t\t<\/div>\n\t\t\t\t<\/div>\n\t\t\t\t\t<\/div>\n\t\t\t\t<\/div>\n\t\t<div class=\"elementor-element elementor-element-bbdcdf1 e-flex e-con-boxed wpr-particle-no wpr-jarallax-no wpr-parallax-no wpr-sticky-section-no e-con e-parent\" data-id=\"bbdcdf1\" data-element_type=\"container\" data-core-v316-plus=\"true\">\n\t\t\t\t\t<div class=\"e-con-inner\">\n\t\t<div class=\"elementor-element elementor-element-c9dae28 e-grid e-con-boxed wpr-particle-no wpr-jarallax-no wpr-parallax-no wpr-sticky-section-no e-con e-child\" data-id=\"c9dae28\" data-element_type=\"container\">\n\t\t\t\t\t<div class=\"e-con-inner\">\n\t\t\t\t<div class=\"elementor-element elementor-element-6f6d912 elementor-widget elementor-widget-image\" data-id=\"6f6d912\" data-element_type=\"widget\" data-widget_type=\"image.default\">\n\t\t\t\t<div class=\"elementor-widget-container\">\n\t\t\t<style>\/*! elementor - v3.20.0 - 06-03-2024 *\/\n.elementor-widget-image{text-align:center}.elementor-widget-image a{display:inline-block}.elementor-widget-image a img[src$=\".svg\"]{width:48px}.elementor-widget-image img{vertical-align:middle;display:inline-block}<\/style>\t\t\t\t\t\t\t\t\t\t<img fetchpriority=\"high\" decoding=\"async\" width=\"768\" height=\"1024\" src=\"https:\/\/artresidence.org\/wp-content\/uploads\/2024\/02\/23680252-3659-4a99-8b8c-dcb3322b7173-1-768x1024.jpg\" class=\"attachment-large size-large wp-image-975\" alt=\"Front Residency\" srcset=\"https:\/\/artresidence.org\/wp-content\/uploads\/2024\/02\/23680252-3659-4a99-8b8c-dcb3322b7173-1-768x1024.jpg 768w, https:\/\/artresidence.org\/wp-content\/uploads\/2024\/02\/23680252-3659-4a99-8b8c-dcb3322b7173-1-225x300.jpg 225w, https:\/\/artresidence.org\/wp-content\/uploads\/2024\/02\/23680252-3659-4a99-8b8c-dcb3322b7173-1-1152x1536.jpg 1152w, https:\/\/artresidence.org\/wp-content\/uploads\/2024\/02\/23680252-3659-4a99-8b8c-dcb3322b7173-1-9x12.jpg 9w, https:\/\/artresidence.org\/wp-content\/uploads\/2024\/02\/23680252-3659-4a99-8b8c-dcb3322b7173-1.jpg 1200w\" sizes=\"(max-width: 768px) 100vw, 768px\" \/>\t\t\t\t\t\t\t\t\t\t\t\t\t<\/div>\n\t\t\t\t<\/div>\n\t\t\t\t<div class=\"elementor-element elementor-element-2f6dee3 elementor-widget elementor-widget-text-editor\" data-id=\"2f6dee3\" data-element_type=\"widget\" data-widget_type=\"text-editor.default\">\n\t\t\t\t<div class=\"elementor-widget-container\">\n\t\t\t<style>\/*! elementor - v3.20.0 - 06-03-2024 *\/\n.elementor-widget-text-editor.elementor-drop-cap-view-stacked .elementor-drop-cap{background-color:#69727d;color:#fff}.elementor-widget-text-editor.elementor-drop-cap-view-framed .elementor-drop-cap{color:#69727d;border:3px solid;background-color:transparent}.elementor-widget-text-editor:not(.elementor-drop-cap-view-default) .elementor-drop-cap{margin-top:8px}.elementor-widget-text-editor:not(.elementor-drop-cap-view-default) .elementor-drop-cap-letter{width:1em;height:1em}.elementor-widget-text-editor .elementor-drop-cap{float:left;text-align:center;line-height:1;font-size:50px}.elementor-widget-text-editor .elementor-drop-cap-letter{display:inline-block}<\/style>\t\t\t\t<h6>Located in a residential building, this setup offers artists a unique opportunity to engage in creative work within a cozy, family-like atmosphere, fostering a sense of community and homeliness.<\/h6>\t\t\t\t\t\t<\/div>\n\t\t\t\t<\/div>\n\t\t\t\t<div class=\"elementor-element elementor-element-d9de2b3 elementor-widget elementor-widget-image\" data-id=\"d9de2b3\" data-element_type=\"widget\" data-widget_type=\"image.default\">\n\t\t\t\t<div class=\"elementor-widget-container\">\n\t\t\t\t\t\t\t\t\t\t\t\t\t<img decoding=\"async\" width=\"1024\" height=\"576\" src=\"https:\/\/artresidence.org\/wp-content\/uploads\/2024\/02\/389B32FF-F384-4ADC-ACA9-CDF2CE738EE7-1024x576.jpg\" class=\"attachment-large size-large wp-image-967\" alt=\"Garden\" srcset=\"https:\/\/artresidence.org\/wp-content\/uploads\/2024\/02\/389B32FF-F384-4ADC-ACA9-CDF2CE738EE7-1024x576.jpg 1024w, https:\/\/artresidence.org\/wp-content\/uploads\/2024\/02\/389B32FF-F384-4ADC-ACA9-CDF2CE738EE7-300x169.jpg 300w, https:\/\/artresidence.org\/wp-content\/uploads\/2024\/02\/389B32FF-F384-4ADC-ACA9-CDF2CE738EE7-768x432.jpg 768w, https:\/\/artresidence.org\/wp-content\/uploads\/2024\/02\/389B32FF-F384-4ADC-ACA9-CDF2CE738EE7-1536x865.jpg 1536w, https:\/\/artresidence.org\/wp-content\/uploads\/2024\/02\/389B32FF-F384-4ADC-ACA9-CDF2CE738EE7-2048x1153.jpg 2048w, https:\/\/artresidence.org\/wp-content\/uploads\/2024\/02\/389B32FF-F384-4ADC-ACA9-CDF2CE738EE7-18x10.jpg 18w\" sizes=\"(max-width: 1024px) 100vw, 1024px\" \/>\t\t\t\t\t\t\t\t\t\t\t\t\t<\/div>\n\t\t\t\t<\/div>\n\t\t\t\t\t<\/div>\n\t\t\t\t<\/div>\n\t\t\t\t\t<\/div>\n\t\t\t\t<\/div>\n\t\t<div class=\"elementor-element elementor-element-b42803b e-flex e-con-boxed wpr-particle-no wpr-jarallax-no wpr-parallax-no wpr-sticky-section-no e-con e-parent\" data-id=\"b42803b\" data-element_type=\"container\" data-core-v316-plus=\"true\">\n\t\t\t\t\t<div class=\"e-con-inner\">\n\t\t\t\t<div class=\"elementor-element elementor-element-e1b3b0a elementor-widget elementor-widget-text-editor\" data-id=\"e1b3b0a\" data-element_type=\"widget\" data-widget_type=\"text-editor.default\">\n\t\t\t\t<div class=\"elementor-widget-container\">\n\t\t\t\t\t\t\t\t\t\t\t\t\t<\/div>\n\t\t\t\t<\/div>\n\t\t\t\t<div class=\"elementor-element elementor-element-f90f4c8 elementor-widget elementor-widget-text-editor\" data-id=\"f90f4c8\" data-element_type=\"widget\" data-widget_type=\"text-editor.default\">\n\t\t\t\t<div class=\"elementor-widget-container\">\n\t\t\t\t\t\t\t<p><span style=\"font-weight: 400;\">Ridiculum is an international artistic residence situated in Leipzig. Housed within a residential building, two floors of this structure are exclusively devoted to the artistic residence. This unique setup provides artists the opportunity to pursue their creative endeavors within a familial atmosphere. The residence comprises three apartments: one dedicated to the lodging of residents, and the other two designated for various artistic activities and studios.<\/span><\/p>\n<p><span style=\"font-weight: 400;\">Benefitting from a sprawling garden, the residence offers ample space for artists to flourish and collaborate. This outdoor area has been the venue for numerous events including concerts, exhibitions, performances, and alfresco dinners.<\/span><\/p>\n<p><span style=\"font-weight: 400;\">For a decade, the building has been a private sanctuary for art, shared only for private events, exihibitions or concerts. However, in 2022, the decision was made to officially establish the Ridiculum Artistic Residence in Leipzig. Since then, it has evolved into a one-of-a-kind interdisciplinary hub for artists from all over the globe to hone their craft.<\/span><\/p>\n<p><span style=\"font-weight: 400;\">Every year, in September, the area surrounding the residence becomes the epicenter for Nacht der Kunst Leipzig \u2014 the city&#8217;s most prestigious art festival. On this &#8220;Night of Art&#8221;, Georg-Schumann-Stra\u00dfe is transformed into Leipzig&#8217;s grandest gallery. The essence of this evening is to foster a dialogue between artists and visitors.&nbsp;<\/span><\/p>\n<p><span style=\"font-weight: 400;\">On this significant date, the Ridiculum residence metamorphoses into a full-fledged gallery, with every nook and cranny brimming with artistic endeavors. It becomes a congregation point for residents, friends, and art aficionados to celebrate this&nbsp; festival.<\/span><\/p>\n<p><span style=\"font-weight: 400;\">At the conclusion of each residency period \u2014 January-March, April-June, July-September, and October-December \u2014 artists have the invaluable opportunity to showcase their artpieces in galleries. Accordingly, applicants are kindly requested to provide:<\/span><\/p>\n<ul>\n<li style=\"font-weight: 400;\" aria-level=\"1\"><span style=\"font-weight: 400;\">Project Proposal: When applicable, a detailed description of the project they wish to undertake during their residency. This should encompass the objectives, methods, required materials, and the envisaged impact. Any special requirements concerning space, materials, or equipment should be clearly stated.<\/span><\/li>\n<li style=\"font-weight: 400;\" aria-level=\"1\"><span style=\"font-weight: 400;\">Duration and Dates: Applicants should specify their desired residency duration and available dates.<\/span><\/li>\n<\/ul>\n<p><span style=\"font-weight: 400;\">In summary, Ridiculum is not just a physical space; it&#8217;s a living, breathing testament to the power of art and the communal spirit, uniting diverse artistic souls under one roof and promoting a rich tapestry of cultural exchange.<\/span><\/p>\t\t\t\t\t\t<\/div>\n\t\t\t\t<\/div>\n\t\t\t\t<div class=\"elementor-element elementor-element-cea3812 elementor-widget elementor-widget-text-editor\" data-id=\"cea3812\" data-element_type=\"widget\" data-widget_type=\"text-editor.default\">\n\t\t\t\t<div class=\"elementor-widget-container\">\n\t\t\t\t\t\t\t\t\t\t\t\t\t<\/div>\n\t\t\t\t<\/div>\n\t\t\t\t\t<\/div>\n\t\t\t\t<\/div>\n\t\t<div class=\"elementor-element elementor-element-c684cf1 e-flex e-con-boxed wpr-particle-no wpr-jarallax-no wpr-parallax-no wpr-sticky-section-no e-con e-parent\" data-id=\"c684cf1\" data-element_type=\"container\" data-core-v316-plus=\"true\">\n\t\t\t\t\t<div class=\"e-con-inner\">\n\t\t\t\t<div class=\"elementor-element elementor-element-fc5fff7 elementor-widget elementor-widget-heading\" data-id=\"fc5fff7\" data-element_type=\"widget\" data-widget_type=\"heading.default\">\n\t\t\t\t<div class=\"elementor-widget-container\">\n\t\t\t<h6 class=\"elementor-heading-title elementor-size-default\">Impressum:<\/h6>\t\t<\/div>\n\t\t\t\t<\/div>\n\t\t\t\t<div class=\"elementor-element elementor-element-ddd9bfc elementor-widget__width-initial elementor-widget elementor-widget-text-editor\" data-id=\"ddd9bfc\" data-element_type=\"widget\" data-widget_type=\"text-editor.default\">\n\t\t\t\t<div class=\"elementor-widget-container\">\n\t\t\t\t\t\t\t<p><strong>Angaben gem\u00e4\u00df \u00a7 5 TMG:<\/strong><\/p><p>Phillip Mangold<\/p><p><strong>Kontakt:<\/strong><\/p><p>seelebinder33@yahoo.com<\/p><p><strong>Haftungsausschluss:<\/strong><\/p><p>Die Inhalte dieser Webseite wurden sorgf\u00e4ltig gepr\u00fcft und erstellt. Dennoch \u00fcbernehme ich keine Gew\u00e4hr f\u00fcr die Aktualit\u00e4t, Vollst\u00e4ndigkeit und Richtigkeit der bereitgestellten Informationen.<\/p>\t\t\t\t\t\t<\/div>\n\t\t\t\t<\/div>\n\t\t\t\t\t<\/div>\n\t\t\t\t<\/div>\n\t\t\t\t<\/div>\n\t\t","protected":false},"excerpt":{"rendered":"<p>INTERNATIONAL ART RESIDENCY RESIDENCE INTERNATIONAL ART RESIDENCY RIDICULUM RESIDENCE LEIPZIG GALLERY OPEN CALL APPLY CONTACT INTERNATIONAL ART RESIDENCY RIDICULUM RESIDENCE LEIPZIG GALLERY OPEN CALL APPLY CONTACT RIDICULUM International Art Residency Located in a residential building, this setup offers artists a unique opportunity to engage in creative work within a cozy, family-like atmosphere, fostering a sense [&hellip;]<\/p>\n","protected":false},"author":1,"featured_media":0,"parent":0,"menu_order":0,"comment_status":"closed","ping_status":"closed","template":"","meta":{"site-sidebar-layout":"no-sidebar","site-content-layout":"","ast-site-content-layout":"full-width-container","site-content-style":"default","site-sidebar-style":"default","ast-global-header-display":"","ast-banner-title-visibility":"","ast-main-header-display":"","ast-hfb-above-header-display":"","ast-hfb-below-header-display":"","ast-hfb-mobile-header-display":"","site-post-title":"disabled","ast-breadcrumbs-content":"","ast-featured-img":"disabled","footer-sml-layout":"","theme-transparent-header-meta":"","adv-header-id-meta":"","stick-header-meta":"","header-above-stick-meta":"","header-main-stick-meta":"","header-below-stick-meta":"","astra-migrate-meta-layouts":"","ast-page-background-enabled":"default","ast-page-background-meta":{"desktop":{"background-color":"var(--ast-global-color-4)","background-image":"","background-repeat":"repeat","background-position":"center center","background-size":"auto","background-attachment":"scroll","background-type":"","background-media":"","overlay-type":"","overlay-color":"","overlay-gradient":""},"tablet":{"background-color":"","background-image":"","background-repeat":"repeat","background-position":"center center","background-size":"auto","background-attachment":"scroll","background-type":"","background-media":"","overlay-type":"","overlay-color":"","overlay-gradient":""},"mobile":{"background-color":"","background-image":"","background-repeat":"repeat","background-position":"center center","background-size":"auto","background-attachment":"scroll","background-type":"","background-media":"","overlay-type":"","overlay-color":"","overlay-gradient":""}},"ast-content-background-meta":{"desktop":{"background-color":"var(--ast-global-color-5)","background-image":"","background-repeat":"repeat","background-position":"center center","background-size":"auto","background-attachment":"scroll","background-type":"","background-media":"","overlay-type":"","overlay-color":"","overlay-gradient":""},"tablet":{"background-color":"var(--ast-global-color-5)","background-image":"","background-repeat":"repeat","background-position":"center center","background-size":"auto","background-attachment":"scroll","background-type":"","background-media":"","overlay-type":"","overlay-color":"","overlay-gradient":""},"mobile":{"background-color":"var(--ast-global-color-5)","background-image":"","background-repeat":"repeat","background-position":"center center","background-size":"auto","background-attachment":"scroll","background-type":"","background-media":"","overlay-type":"","overlay-color":"","overlay-gradient":""}},"footnotes":""},"aioseo_notices":[],"_links":{"self":[{"href":"https:\/\/artresidence.org\/en\/wp-json\/wp\/v2\/pages\/447"}],"collection":[{"href":"https:\/\/artresidence.org\/en\/wp-json\/wp\/v2\/pages"}],"about":[{"href":"https:\/\/artresidence.org\/en\/wp-json\/wp\/v2\/types\/page"}],"author":[{"embeddable":true,"href":"https:\/\/artresidence.org\/en\/wp-json\/wp\/v2\/users\/1"}],"replies":[{"embeddable":true,"href":"https:\/\/artresidence.org\/en\/wp-json\/wp\/v2\/comments?post=447"}],"version-history":[{"count":43,"href":"https:\/\/artresidence.org\/en\/wp-json\/wp\/v2\/pages\/447\/revisions"}],"predecessor-version":[{"id":1140,"href":"https:\/\/artresidence.org\/en\/wp-json\/wp\/v2\/pages\/447\/revisions\/1140"}],"wp:attachment":[{"href":"https:\/\/artresidence.org\/en\/wp-json\/wp\/v2\/media?parent=447"}],"curies":[{"name":"wp","href":"https:\/\/api.w.org\/{rel}","templated":true}]}}